{"id":27,"date":"2020-12-17T16:14:06","date_gmt":"2020-12-17T16:14:06","guid":{"rendered":"https:\/\/mariuszchrzanowski.ch\/?page_id=27"},"modified":"2023-09-22T11:31:35","modified_gmt":"2023-09-22T11:31:35","slug":"referenzen","status":"publish","type":"page","link":"https:\/\/mariuszchrzanowski.ch\/index.php\/referenzen\/","title":{"rendered":"Referenzen"},"content":{"rendered":"<hr>\n<p><img loading=\"lazy\" decoding=\"async\" class=\"alignnone size-full wp-image-728\" src=\"https:\/\/mariuszchrzanowski.ch\/wp-content\/uploads\/2023\/09\/Referenz.jpg\" alt=\"\" width=\"472\" height=\"508\" srcset=\"https:\/\/mariuszchrzanowski.ch\/wp-content\/uploads\/2023\/09\/Referenz.jpg 472w, https:\/\/mariuszchrzanowski.ch\/wp-content\/uploads\/2023\/09\/Referenz-279x300.jpg 279w\" sizes=\"auto, (max-width: 472px) 100vw, 472px\" \/><\/p>\n<hr>\n<p>Ein Duo (Mariusz Chrzanowski\/Chris Habegger) das durch Virtuosit\u00e4t und ein breites Musikspektrum \u00fcberzeugt. Als Multiinstumentalisten verstehen sie es, mit Ihrer Kunst das Publikum zu begeistern. Auch mit unerwarteten kom\u00f6diantischen Showeinlagen sorgen sie bei einer Festgesellschaft f\u00fcr eine gute Stimmung. Kurz, das Duo sorgt f\u00fcr anspruchsvolle und beste Unterhaltung.<\/p>\n<p>Mit freundlichen Gr\u00fcssen<br \/>\nUrs Zeltner (9.9.23)<\/p>\n<hr>\n<p><b>ngg_shortcode_0_placeholder<\/b><\/p>\n<p><b>ngg_shortcode_1_placeholder<\/b><\/p>\n","protected":false},"excerpt":{"rendered":"<p>Ein Duo (Mariusz Chrzanowski\/Chris Habegger) das durch Virtuosit\u00e4t und ein breites Musikspektrum \u00fcberzeugt. Als Multiinstumentalisten verstehen sie es, mit Ihrer Kunst das Publikum zu begeistern. Auch mit unerwarteten kom\u00f6diantischen Showeinlagen sorgen sie bei einer Festgesellschaft f\u00fcr eine gute Stimmung. Kurz, das Duo sorgt f\u00fcr anspruchsvolle und beste Unterhaltung. Mit freundlichen Gr\u00fcssen Urs Zeltner (9.9.23)<\/p>\n","protected":false},"author":1,"featured_media":0,"parent":0,"menu_order":0,"comment_status":"closed","ping_status":"closed","template":"","meta":{"ngg_post_thumbnail":0,"footnotes":""},"class_list":["post-27","page","type-page","status-publish","hentry"],"aioseo_notices":[],"jetpack_sharing_enabled":true,"_links":{"self":[{"href":"https:\/\/mariuszchrzanowski.ch\/index.php\/wp-json\/wp\/v2\/pages\/27","targetHints":{"allow":["GET"]}}],"collection":[{"href":"https:\/\/mariuszchrzanowski.ch\/index.php\/wp-json\/wp\/v2\/pages"}],"about":[{"href":"https:\/\/mariuszchrzanowski.ch\/index.php\/wp-json\/wp\/v2\/types\/page"}],"author":[{"embeddable":true,"href":"https:\/\/mariuszchrzanowski.ch\/index.php\/wp-json\/wp\/v2\/users\/1"}],"replies":[{"embeddable":true,"href":"https:\/\/mariuszchrzanowski.ch\/index.php\/wp-json\/wp\/v2\/comments?post=27"}],"version-history":[{"count":6,"href":"https:\/\/mariuszchrzanowski.ch\/index.php\/wp-json\/wp\/v2\/pages\/27\/revisions"}],"predecessor-version":[{"id":730,"href":"https:\/\/mariuszchrzanowski.ch\/index.php\/wp-json\/wp\/v2\/pages\/27\/revisions\/730"}],"wp:attachment":[{"href":"https:\/\/mariuszchrzanowski.ch\/index.php\/wp-json\/wp\/v2\/media?parent=27"}],"curies":[{"name":"wp","href":"https:\/\/api.w.org\/{rel}","templated":true}]}}